{"id":1123,"date":"2019-10-17T15:25:09","date_gmt":"2019-10-17T13:25:09","guid":{"rendered":"https:\/\/tgo-volleyball.de\/WP\/?page_id=1123"},"modified":"2019-10-17T17:10:21","modified_gmt":"2019-10-17T15:10:21","slug":"historie-tgo-volleyball","status":"publish","type":"page","link":"https:\/\/tgo-volleyball.de\/WP\/infos\/historie-tgo-volleyball\/","title":{"rendered":"Historie TGO Volleyball"},"content":{"rendered":"<p>Bereits in der alten Turnhalle wurde Volleyball gespielt &#8211; in den 80er Jahren und noch innerhalb des Ressorts Turnen. Damals waren es aber haupts\u00e4chlich Frauen, die den Volleyballsport in Offenau betrieben.<\/p>\n<p>Aufschwung erhielten die Offenauer Volleyballer durch den Bau der neuen Sporthalle &#8211; \u00fcber 40 Volleyballbegeisterte trafen sich zum w\u00f6chentlichen Training.<\/p>\n<p>Der harte Kern der Volleyballer beschloss 1990, innerhalb der TGO eine eigene Abteilung zu bilden. Bei der Gr\u00fcndung wurde Andreas Jablonski Abteilungsleiter. Er war der Motor f\u00fcr die anstehende Gr\u00fcndung und ma\u00dfgeblich am Aufbau dieser neuen Abteilung und ihrem heutigen Erfolg beteiligt.<\/p>\n<p>Er wurde unterst\u00fctzt von Jugendleiter Walter Schmickl sowie zahlreichen ehrenamtlichen Helfern.<\/p>\n<p>Zur Zeit besteht die Abteilung aus ca. 70 Mitgliedern. Abteilungsleiter ist Matthias H\u00f6ll. In der fast zwanzigj\u00e4hrigen Geschichte ist er erst der dritte im Amt des Chefpostens. Nach Andreas Jablonski war Nicole Lierheimer von 2002 bis 2004 Abteilungsleiterin.<\/p>\n<p>Schon drei Jahre nach der Gr\u00fcndung stellten die Volleyballer eine erste Mannschaft f\u00fcr die Mixed-Runde zusammen, der es sofort gelang, von der D-Klasse in die C-Klasse aufzusteigen. Inzwischen hat die Abteilung drei aktive Teams gemeldet. Durch die konsequente Jugendarbeit von Walter und Gabi Schmickl, Manfred Ressel, Andreas Koch, J\u00fcrgen Kowol, Steffen Schuh, Andreas Jablonski, Michael Kuhn, Aldi Fiolka, Jasmin Kreibich, Matthias H\u00f6ll und Marco Geiger konnten den aktiven Teams immer wieder junge Spieler zugef\u00fchrt werden.<\/p>\n<p>Im Jahr 2000 war das TGO-Team nicht weit davon entfernt, in die h\u00f6chste Spielklasse aufzusteigen. Lediglich zwei Punkte trennten die Offenauer vom angepeilten zweiten Platz in der B-Klasse, womit der direkte Durchmarsch von der C-Klasse \u00fcber die B-Klasse in die A-Klasse geschafft gewesen w\u00e4re. Ein weiterer gro\u00dfer Erfolg war das Erreichen des Pokalviertelfinales auf Baden-W\u00fcrttemberg-Ebene im Jahr 1998.<\/p>\n<p>2008 konnte wieder an alte Zeiten angekn\u00fcpft werden und mit dem erneuten Aufstieg in die B-Klasse eine sportliche Erfolgsgeschichte geschrieben werden.<\/p>\n<p><strong>Doch die Erfolgsgeschichte war noch keinesfalls zu Ende: Im Jahr 2009 errang Offenaus Erste die Meisterschaft in der B-Klasse und damit den Aufstieg in die h\u00f6chste Spielklasse der Mixed-Runde des Volleyball Landesverbands W\u00fcrttemberg. In der R\u00fcckrunde hatte Offenau alle 8 Spiele gewonnen, nur 4 S\u00e4tze abgegeben und sich den Meistertitel also redlich verdient.<\/strong><\/p>\n<p>Seit 1993 veranstaltet die Abteilung den Offenauer Wolleball-Kapp ein Ger\u00fcmpelturnier f\u00fcr Offenauer Vereine, Firmen und Gruppen. Bis zu 18 Mannschaften k\u00e4mpfen jedes Jahr um den Wanderpokal als Trostpreis wird der Schlusslichtpokal Rote Laterne verliehen. Seit Start des Wolleball-Kapps mit regelm\u00e4\u00dfg mehr als 10 Teams ist J\u00fcrgen Kowol ununterbrochen Turnierleiter. Im Jahr 2006 wurde das Turnier auf den Au\u00dfenbereich der Sporthalle ausgedehnt und mit der Open-Air-Bar ein neuer kultureller und kommunikativer Treffpunkt geschaffen.<\/p>\n<p>Auf dem Kornlupferfest sind die Volleyballer seit 1995 mit einem Stand pr\u00e4sent. Mit der Standplatzwahl am s\u00fcdlichen Ende des Festes haben die Volleyballer ma\u00dfgeblich zum heutigen Gesamtbild des Kornlupferfestes beigetragen. Die Idee f\u00fcr die Standplatzwahl hatte seinerzeit Andreas Jablonski.<\/p>\n<p>Seit 2001 sorgen Matthias H\u00f6ll und J\u00fcrgen Kowol mit immer neuen Einf\u00e4llen f\u00fcr Spiel, Spa\u00df und Urlaubsstimmung auf dem Kornlupferfest. So wurden 2006 fast 100 Tonnen feinster Sand an das Neckarufer gekarrt, um das erste Kornlupfer-Beach-Volleyball-Turnier zu veranstalten. Mit dem Kornlupfer-Bullen-Reitturnier setzen die Volleyballer im Team mit den Tischtennisspielern seit 2007 ein weiteres Highlight im Festprogramm. Heute ist das Kornlupfer-Fischerstechen, zusammen ausgetragen mit dem MCMN ein allj\u00e4hrlicher Publikumsmagnet und fester Bestandteil des Festprogramms.<\/p>\n<p>Live-Musik f\u00fcr alle Festbesuchergenerationen haben sich die Volleyballer auf die Fahne geschrieben. Seit 1996 gibt es die Kornlupfer-Rock-Nacht, mittlerweile ein fester Begriff in der Unterl\u00e4nder Festszene. Tausende von Besuchern genie\u00dfen an diesem Abend das besondere Flair am Neckarufer, das der Atmosph\u00e4re auf einer s\u00fcdl\u00e4ndischen Piazza nicht un\u00e4hnlich ist. Viele Bewerbungen von Bands auf dieses Musikevent gehen j\u00e4hrlich bei den Volleyballern ein, Zeichen, welches Image die Kornlupfer-Rock-Nacht zwischenzeitlich erreicht hat.<\/p>\n<p>1997 reiste eine Gruppe von f\u00fcnf Volleyballern in die Heimat von Andreas Jablonski nach Ostpreu\u00dfen an die Masurische Seenplatte. 14 ereignisreiche Tage auf einem Segelboot waren das Ergebnis dieses Vereinsausflugs<\/p>\n<p>In f\u00fcnf Gruppen wird zur Zeit das Volleyballspiel betrieben: So gibt es eine Gruppe der &#8222;Freizeitspieler 40+&#8220;, bei denen der Spa\u00df am Spiel im Vordergrund steht, sowie die Damen-Gruppe, die sich aus allen Altersklassen zusammensetzt (immer noch mit vielen Spielerinnen aus der Startzeit in den 80ern), Kinder von 6 -12 Jahren und eine Jugend-Gruppe f\u00fcr Teens ab 13 sowie die Gruppe der aktiven Spieler, die zusammen die drei gemeldeten Mannschaften bilden.<\/p>\n<p>Der enorme Zusammenhalt von Jung und Alt und der entstandene Teamgeist in der Abteilung lassen auf weitere sportliche und kulturelle H\u00f6hepunkte hoffen.<\/p>\n","protected":false},"excerpt":{"rendered":"<p>Bereits in der alten Turnhalle wurde Volleyball gespielt &#8211; in den 80er Jahren und noch innerhalb des Ressorts Turnen. Damals waren es aber haupts\u00e4chlich Frauen, die den Volleyballsport in Offenau betrieben. Aufschwung erhielten die Offenauer Volleyballer durch den Bau der neuen Sporthalle &#8211; \u00fcber 40 Volleyballbegeisterte trafen sich zum w\u00f6chentlichen Training. Der harte Kern der&#8230;<\/p>\n","protected":false},"author":1,"featured_media":0,"parent":836,"menu_order":0,"comment_status":"closed","ping_status":"closed","template":"page-with-sidebar.php","meta":{"_bbp_topic_count":0,"_bbp_reply_count":0,"_bbp_total_topic_count":0,"_bbp_total_reply_count":0,"_bbp_voice_count":0,"_bbp_anonymous_reply_count":0,"_bbp_topic_count_hidden":0,"_bbp_reply_count_hidden":0,"_bbp_forum_subforum_count":0,"_crdt_document":"","footnotes":""},"class_list":["post-1123","page","type-page","status-publish","hentry"],"_links":{"self":[{"href":"https:\/\/tgo-volleyball.de\/WP\/wp-json\/wp\/v2\/pages\/1123","targetHints":{"allow":["GET"]}}],"collection":[{"href":"https:\/\/tgo-volleyball.de\/WP\/wp-json\/wp\/v2\/pages"}],"about":[{"href":"https:\/\/tgo-volleyball.de\/WP\/wp-json\/wp\/v2\/types\/page"}],"author":[{"embeddable":true,"href":"https:\/\/tgo-volleyball.de\/WP\/wp-json\/wp\/v2\/users\/1"}],"replies":[{"embeddable":true,"href":"https:\/\/tgo-volleyball.de\/WP\/wp-json\/wp\/v2\/comments?post=1123"}],"version-history":[{"count":1,"href":"https:\/\/tgo-volleyball.de\/WP\/wp-json\/wp\/v2\/pages\/1123\/revisions"}],"predecessor-version":[{"id":1124,"href":"https:\/\/tgo-volleyball.de\/WP\/wp-json\/wp\/v2\/pages\/1123\/revisions\/1124"}],"up":[{"embeddable":true,"href":"https:\/\/tgo-volleyball.de\/WP\/wp-json\/wp\/v2\/pages\/836"}],"wp:attachment":[{"href":"https:\/\/tgo-volleyball.de\/WP\/wp-json\/wp\/v2\/media?parent=1123"}],"curies":[{"name":"wp","href":"https:\/\/api.w.org\/{rel}","templated":true}]}}