{"id":1143,"date":"2019-10-17T16:15:44","date_gmt":"2019-10-17T14:15:44","guid":{"rendered":"https:\/\/tgo-volleyball.de\/WP\/?page_id=1143"},"modified":"2025-10-13T21:07:08","modified_gmt":"2025-10-13T19:07:08","slug":"service-downloads","status":"publish","type":"page","link":"https:\/\/tgo-volleyball.de\/WP\/infos\/service-downloads\/","title":{"rendered":"Service &#038; Downloads"},"content":{"rendered":"<div class=\"wpb-content-wrapper\"><p>[vc_row][vc_column][vc_tta_tabs][vc_tta_section title=&#8220;Spielberichtsbogen&#8220; tab_id=&#8220;1571321776073-c9c740fe-e395&#8243;][vc_column_text css=&#8220;&#8220;]<\/p>\n<h2>Spielberichtsbogen<\/h2>\n<h3>Spielberichtsb\u00f6gen f\u00fcr die Mixed-Spielrunde<\/h3>\n<p><a href=\"https:\/\/www.vlw-online.de\/fileadmin\/vlw\/mixed\/01_Download\/Spielberichtsbogen-3er-Spieltag-3Saetze-mit_Punkten.pdf\" target=\"_blank\" rel=\"noopener noreferrer\"><img loading=\"lazy\" decoding=\"async\" class=\"size-full wp-image-1148 alignleft\" src=\"https:\/\/tgo-volleyball.de\/WP\/wp-content\/uploads\/2019\/10\/pdf.gif\" alt=\"\" width=\"32\" height=\"32\" \/><\/a><\/p>\n<p><a href=\"https:\/\/www.vlw-online.de\/uploads\/16ef3e33-0048-40f4-84b9-ffe5dc2f1c29\/2526_Mixed-Spielberichtsbogen.pdf\" target=\"_blank\" rel=\"noopener\">Mixed-Spielberichtsbogen 2025\/26 (PDF)<\/a><br \/>\nLink zu https:\/\/www.vlw-online.de\/<\/p>\n<p><a href=\"https:\/\/www.vlw-online.de\/fileadmin\/vlw\/mixed\/01_Download\/Spielberichtsbogen_Blanko.doc\" target=\"_blank\" rel=\"noopener noreferrer\"><img loading=\"lazy\" decoding=\"async\" class=\"alignleft wp-image-1149\" src=\"https:\/\/tgo-volleyball.de\/WP\/wp-content\/uploads\/2019\/10\/word.gif\" alt=\"\" width=\"37\" height=\"32\" \/><\/a><a href=\"https:\/\/www.vlw-online.de\/uploads\/ecee1226-b899-4da6-8362-c689742d1d38\/2526_Mixed-Spielberichtsbogen.doc\" target=\"_blank\" rel=\"noopener\">Mixed-Spielberichtsbogen 2025\/26 (WORD)<\/a><br \/>\nLink zu https:\/\/www.vlw-online.de\/<\/p>\n<p>&nbsp;<\/p>\n<h3>Spielberichtsbogen Bezirkspokal<\/h3>\n<p><a href=\"https:\/\/www.vlw-online.de\/fileadmin\/vlw\/mixed\/01_Download\/Spielberichtsbogen__einfach_3_Gewinnsaetze_.pdf\" target=\"_blank\" rel=\"noopener noreferrer\"><img loading=\"lazy\" decoding=\"async\" class=\"size-full wp-image-1148 alignleft\" src=\"https:\/\/tgo-volleyball.de\/WP\/wp-content\/uploads\/2019\/10\/pdf.gif\" alt=\"\" width=\"32\" height=\"32\" \/><\/a><a href=\"https:\/\/www.vlw-online.de\/uploads\/14c96a3e-eaac-4807-8d76-765cbb51667c\/Spielberichtsbogen__einfach_3_Gewinnsaetze_.pdf\" target=\"_blank\" rel=\"noopener\">Spielberichtsbogen (einfach &#8211; 3 Gewinns\u00e4tze)<\/a><br \/>\nLink zu https:\/\/www.vlw-online.de\/[\/vc_column_text][\/vc_tta_section][vc_tta_section title=&#8220;Formulare&#8220; tab_id=&#8220;1571321776084-0c60cb9a-4b99&#8243;][vc_column_text css=&#8220;&#8220;]<\/p>\n<h2>Formulare<\/h2>\n<p><a href=\"https:\/\/tgo-volleyball.de\/WP\/wp-content\/uploads\/2024\/11\/VB-Beitrittserklaerung.pdf\" target=\"_blank\" rel=\"noopener noreferrer\"><img loading=\"lazy\" decoding=\"async\" class=\"alignnone wp-image-1149\" src=\"https:\/\/tgo-volleyball.de\/WP\/wp-content\/uploads\/2019\/10\/pdf.gif\" alt=\"\" width=\"37\" height=\"32\" \/> Beitrittserkl\u00e4rung<\/a><\/p>\n<p><a href=\"https:\/\/tgo-volleyball.de\/WP\/wp-content\/uploads\/2024\/11\/VB-Beitragsermaessigung.pdf\" target=\"_blank\" rel=\"noopener noreferrer\"><img loading=\"lazy\" decoding=\"async\" class=\"alignnone wp-image-1149\" src=\"https:\/\/tgo-volleyball.de\/WP\/wp-content\/uploads\/2019\/10\/pdf.gif\" alt=\"\" width=\"37\" height=\"32\" \/> Beitragserm\u00e4\u00dfigung<\/a>[\/vc_column_text][vc_column_text css=&#8220;&#8220;]<strong>Das ausgef\u00fcllte Formular bitte an den jeweiligen \u00dcbungsleiter \u00fcbergeben<\/strong><\/p>\n<p><a href=\"https:\/\/tgoffenau.eu\/service-downloads\/\" target=\"_blank\" rel=\"noopener\">Weitere Formulare finden Sie auf der Homepage der TGO<\/a>[\/vc_column_text][\/vc_tta_section][vc_tta_section title=&#8220;Muster&#8220; tab_id=&#8220;1571321813238-0fd10c0d-080f&#8220;][vc_column_text]<\/p>\n<h2>Muster<\/h2>\n<p><a href=\"https:\/\/tgo-volleyball.de\/WP\/Download\/2020\/Muster.doc\" target=\"_blank\" rel=\"noopener noreferrer\"> <img loading=\"lazy\" decoding=\"async\" class=\"alignnone wp-image-1149\" src=\"https:\/\/tgo-volleyball.de\/WP\/wp-content\/uploads\/2019\/10\/word.gif\" alt=\"\" width=\"37\" height=\"32\" \/> Muster f\u00fcr Spielberichte Amtsblatt Offenau<\/a>[\/vc_column_text][\/vc_tta_section][\/vc_tta_tabs][\/vc_column][\/vc_row]<\/p>\n<\/div>","protected":false},"excerpt":{"rendered":"<p>[vc_row][vc_column][vc_tta_tabs][vc_tta_section title=&#8220;Spielberichtsbogen&#8220; tab_id=&#8220;1571321776073-c9c740fe-e395&#8243;][vc_column_text css=&#8220;&#8220;] Spielberichtsbogen Spielberichtsb\u00f6gen f\u00fcr die Mixed-Spielrunde Mixed-Spielberichtsbogen 2025\/26 (PDF) Link zu https:\/\/www.vlw-online.de\/ Mixed-Spielberichtsbogen 2025\/26 (WORD) Link zu https:\/\/www.vlw-online.de\/ &nbsp; Spielberichtsbogen Bezirkspokal Spielberichtsbogen (einfach &#8211; 3 Gewinns\u00e4tze) Link zu https:\/\/www.vlw-online.de\/[\/vc_column_text][\/vc_tta_section][vc_tta_section title=&#8220;Formulare&#8220; tab_id=&#8220;1571321776084-0c60cb9a-4b99&#8243;][vc_column_text css=&#8220;&#8220;] Formulare Beitrittserkl\u00e4rung Beitragserm\u00e4\u00dfigung[\/vc_column_text][vc_column_text css=&#8220;&#8220;]Das ausgef\u00fcllte Formular bitte an den jeweiligen \u00dcbungsleiter \u00fcbergeben Weitere Formulare finden Sie auf der Homepage der&#8230;<\/p>\n","protected":false},"author":1,"featured_media":0,"parent":836,"menu_order":0,"comment_status":"closed","ping_status":"closed","template":"page-with-sidebar.php","meta":{"_bbp_topic_count":0,"_bbp_reply_count":0,"_bbp_total_topic_count":0,"_bbp_total_reply_count":0,"_bbp_voice_count":0,"_bbp_anonymous_reply_count":0,"_bbp_topic_count_hidden":0,"_bbp_reply_count_hidden":0,"_bbp_forum_subforum_count":0,"_crdt_document":"","footnotes":""},"class_list":["post-1143","page","type-page","status-publish","hentry"],"_links":{"self":[{"href":"https:\/\/tgo-volleyball.de\/WP\/wp-json\/wp\/v2\/pages\/1143","targetHints":{"allow":["GET"]}}],"collection":[{"href":"https:\/\/tgo-volleyball.de\/WP\/wp-json\/wp\/v2\/pages"}],"about":[{"href":"https:\/\/tgo-volleyball.de\/WP\/wp-json\/wp\/v2\/types\/page"}],"author":[{"embeddable":true,"href":"https:\/\/tgo-volleyball.de\/WP\/wp-json\/wp\/v2\/users\/1"}],"replies":[{"embeddable":true,"href":"https:\/\/tgo-volleyball.de\/WP\/wp-json\/wp\/v2\/comments?post=1143"}],"version-history":[{"count":16,"href":"https:\/\/tgo-volleyball.de\/WP\/wp-json\/wp\/v2\/pages\/1143\/revisions"}],"predecessor-version":[{"id":2490,"href":"https:\/\/tgo-volleyball.de\/WP\/wp-json\/wp\/v2\/pages\/1143\/revisions\/2490"}],"up":[{"embeddable":true,"href":"https:\/\/tgo-volleyball.de\/WP\/wp-json\/wp\/v2\/pages\/836"}],"wp:attachment":[{"href":"https:\/\/tgo-volleyball.de\/WP\/wp-json\/wp\/v2\/media?parent=1143"}],"curies":[{"name":"wp","href":"https:\/\/api.w.org\/{rel}","templated":true}]}}