{"id":1159,"date":"2019-10-17T16:57:46","date_gmt":"2019-10-17T14:57:46","guid":{"rendered":"https:\/\/tgo-volleyball.de\/WP\/?page_id=1159"},"modified":"2019-10-17T17:12:24","modified_gmt":"2019-10-17T15:12:24","slug":"sporthalle","status":"publish","type":"page","link":"https:\/\/tgo-volleyball.de\/WP\/infos\/sporthalle\/","title":{"rendered":"Sporthalle"},"content":{"rendered":"<p>So finden Sie den Weg zu uns an die Sporthalle ;o).<\/p>\n<p><img loading=\"lazy\" decoding=\"async\" class=\"alignnone wp-image-1161 size-full\" src=\"https:\/\/tgo-volleyball.de\/WP\/wp-content\/uploads\/2019\/10\/Offenau.jpg\" alt=\"\" width=\"595\" height=\"369\" srcset=\"https:\/\/tgo-volleyball.de\/WP\/wp-content\/uploads\/2019\/10\/Offenau.jpg 595w, https:\/\/tgo-volleyball.de\/WP\/wp-content\/uploads\/2019\/10\/Offenau-300x186.jpg 300w\" sizes=\"auto, (max-width: 595px) 100vw, 595px\" \/><\/p>\n<p>Bahnhofstra\u00dfe 2-4<br \/>\n74254 Offenau<\/p>\n<p>&nbsp;<\/p>\n<h2>Wegbeschreibung<\/h2>\n<p>Von Heilbronn kommend nach dem Ortsschild Offenau an beiden Tankstellen vorbeifahren.<br \/>\nAn der kommenden Ampel nach rechts in die Holzstra\u00dfe abbiegen und den Stra\u00dfenverlauf (Vorfahrtsstra\u00dfe) folgen.<br \/>\nVon der Holzstra\u00dfe kommt man direkt auf die Bahnhofstra\u00dfe. Entweder den Schildern Sporthalle folgen oder solange fahren bis der Bahn\u00fcbergang kommt.<br \/>\nVor den Bahn\u00fcbergang links abbiegen. Ca. 100 Meter weiter kommt die Sporthalle auf der linken Seite.<\/p>\n","protected":false},"excerpt":{"rendered":"<p>So finden Sie den Weg zu uns an die Sporthalle ;o). Bahnhofstra\u00dfe 2-4 74254 Offenau &nbsp; Wegbeschreibung Von Heilbronn kommend nach dem Ortsschild Offenau an beiden Tankstellen vorbeifahren. An der kommenden Ampel nach rechts in die Holzstra\u00dfe abbiegen und den Stra\u00dfenverlauf (Vorfahrtsstra\u00dfe) folgen. Von der Holzstra\u00dfe kommt man direkt auf die Bahnhofstra\u00dfe. Entweder den Schildern&#8230;<\/p>\n","protected":false},"author":1,"featured_media":0,"parent":836,"menu_order":0,"comment_status":"closed","ping_status":"closed","template":"page-with-sidebar.php","meta":{"_bbp_topic_count":0,"_bbp_reply_count":0,"_bbp_total_topic_count":0,"_bbp_total_reply_count":0,"_bbp_voice_count":0,"_bbp_anonymous_reply_count":0,"_bbp_topic_count_hidden":0,"_bbp_reply_count_hidden":0,"_bbp_forum_subforum_count":0,"_crdt_document":"","footnotes":""},"class_list":["post-1159","page","type-page","status-publish","hentry"],"_links":{"self":[{"href":"https:\/\/tgo-volleyball.de\/WP\/wp-json\/wp\/v2\/pages\/1159","targetHints":{"allow":["GET"]}}],"collection":[{"href":"https:\/\/tgo-volleyball.de\/WP\/wp-json\/wp\/v2\/pages"}],"about":[{"href":"https:\/\/tgo-volleyball.de\/WP\/wp-json\/wp\/v2\/types\/page"}],"author":[{"embeddable":true,"href":"https:\/\/tgo-volleyball.de\/WP\/wp-json\/wp\/v2\/users\/1"}],"replies":[{"embeddable":true,"href":"https:\/\/tgo-volleyball.de\/WP\/wp-json\/wp\/v2\/comments?post=1159"}],"version-history":[{"count":3,"href":"https:\/\/tgo-volleyball.de\/WP\/wp-json\/wp\/v2\/pages\/1159\/revisions"}],"predecessor-version":[{"id":1163,"href":"https:\/\/tgo-volleyball.de\/WP\/wp-json\/wp\/v2\/pages\/1159\/revisions\/1163"}],"up":[{"embeddable":true,"href":"https:\/\/tgo-volleyball.de\/WP\/wp-json\/wp\/v2\/pages\/836"}],"wp:attachment":[{"href":"https:\/\/tgo-volleyball.de\/WP\/wp-json\/wp\/v2\/media?parent=1159"}],"curies":[{"name":"wp","href":"https:\/\/api.w.org\/{rel}","templated":true}]}}