{"id":1924,"date":"2023-03-16T10:07:51","date_gmt":"2023-03-16T09:07:51","guid":{"rendered":"https:\/\/tgo-volleyball.de\/WP\/?page_id=1924"},"modified":"2025-02-07T23:46:32","modified_gmt":"2025-02-07T22:46:32","slug":"kids","status":"publish","type":"page","link":"https:\/\/tgo-volleyball.de\/WP\/mannschaften\/kids\/","title":{"rendered":"Kids"},"content":{"rendered":"<div class=\"wpb-content-wrapper\"><p>[vc_row][vc_column][vc_column_text]Bereits f\u00fcr Kinder im Grundschulalter hat die Abteilung Volleyball ein speziell auf diese Alterklasse abgestimmtes Trainingsprogramm. Hier geht es um die Optimierung der K\u00f6rpermotorik, des Ballgef\u00fchls und der Koordination. Das ganze wird mit vielen \u00dcbungen, Spielen und Aufgaben spielerisch den Kleinsten im Alter von 6 \u2013 12 Jahren beigebracht.<\/p>\n<p>Auch Teamgeist zu erfahren, den Umgang mit Siegen und Niederlagen zu lernen, R\u00fccksicht auf andere Kinder zu nehmen geh\u00f6rt ins w\u00f6chentliche Training genauso wie viel Spa\u00df, Action und Bewegung.[\/vc_column_text][vc_empty_space height=&#8220;15px&#8220;][\/vc_column][\/vc_row][vc_row][vc_column][vc_column_text]<\/p>\n<div class=\"wpb_text_column wpb_content_element \">\n<div class=\"wpb_wrapper\">\n<h2>Hier die Trainingszeiten:<\/h2>\n<\/div>\n<\/div>\n<p>[\/vc_column_text][vc_empty_space height=&#8220;15px&#8220;][\/vc_column][\/vc_row][vc_row][vc_column][vc_column_text]<\/p>\n<h2><strong>Kinder 3. und 4. Klasse:<\/strong><\/h2>\n<p>Freitag, 18.00 Uhr \u2013 19.00 Uhr, Sporthalle Offenau<\/p>\n<h3><strong>Jugendtrainerin<\/strong><\/h3>\n<p>Lotta Kowol email: lot&#116;&#97;&#46;&#107;&#x6f;&#x77;&#x6f;&#x6c;&#x40;&#x74;&#x67;o-v&#111;&#108;&#108;&#101;&#121;&#x62;&#x61;&#x6c;&#x6c;&#x2e;&#x64;e[\/vc_column_text][vc_empty_space height=&#8220;15px&#8220;][vc_empty_space height=&#8220;15px&#8220;][vc_column_text css=&#8220;&#8220;]<\/p>\n<h2><strong>Kinder 5. und 6. Klasse<\/strong><\/h2>\n<p>Freitag, 19.00 Uhr \u2013 20.00 Uhr, Sporthalle Offenau (September bis Mai)<br \/>\nFreitag, 18.00 Uhr \u2013 19.00 Uhr, Beachsport-Anlage (Mai \u2013 August)<\/p>\n<h3><strong>Ansprechpartner \/ Jugendtrainer<\/strong><\/h3>\n<p>Marco Geiger, Telefon 0176\/52076563, email: &#x6d;&#x61;&#114;c&#x6f;&#x2e;&#103;&#101;i&#x67;&#x65;&#114;&#64;t&#x67;&#x6f;&#45;vo&#x6c;&#x6c;&#101;y&#x62;&#x61;&#108;&#108;&#46;&#x64;&#x65;<\/p>\n<h3><strong>Co-Jugendtrainerin<\/strong><\/h3>\n<p>Nathalie H\u00f6ll, email: &#x6e;a&#x74;&#104;&#x61;&#x6c;i&#x65;&#46;&#x68;&#x6f;e&#x6c;&#108;&#x40;&#x74;g&#x6f;&#45;&#x76;&#x6f;l&#x6c;&#101;&#x79;&#x62;a&#x6c;&#108;&#x2e;&#x64;e[\/vc_column_text][vc_empty_space height=&#8220;15px&#8220;][vc_empty_space height=&#8220;15px&#8220;][\/vc_column][\/vc_row][vc_row][vc_column][vc_empty_space height=&#8220;15px&#8220;][vc_empty_space height=&#8220;15px&#8220;][vc_column_text]<\/p>\n<div class=\"vc_row wpb_row vc_row-fluid\">\n<div class=\"wpb_column vc_column_container vc_col-sm-12\">\n<div class=\"vc_column-inner\">\n<div class=\"wpb_wrapper\">\n<div class=\"wpb_text_column wpb_content_element \">\n<div class=\"wpb_wrapper\">\n<h2>KONTAKTPERSONEN<\/h2>\n<\/div>\n<\/div>\n<\/div>\n<\/div>\n<\/div>\n<\/div>\n<p>[\/vc_column_text][vc_column_text css=&#8220;&#8220;]J\u00fcrgen Kowol, Telefon 07136\/5286, email: jue&#114;&#103;&#101;&#110;&#x2e;&#x6b;&#x6f;&#x77;&#x6f;&#x6c;&#x40;tgo&#45;&#118;&#111;&#108;&#108;&#x65;&#x79;&#x62;&#x61;&#x6c;&#x6c;&#46;de<\/p>\n<p>Marco Geiger, Telefon 0176\/52076563, email: &#x6d;&#x61;&#114;c&#x6f;&#x2e;&#103;ei&#x67;&#x65;&#114;&#64;&#x74;&#x67;&#111;&#45;v&#x6f;&#x6c;&#108;e&#x79;&#x62;&#97;&#108;l&#x2e;&#x64;&#101;[\/vc_column_text][\/vc_column][\/vc_row]<\/p>\n<\/div>","protected":false},"excerpt":{"rendered":"<p>[vc_row][vc_column][vc_column_text]Bereits f\u00fcr Kinder im Grundschulalter hat die Abteilung Volleyball ein speziell auf diese Alterklasse abgestimmtes Trainingsprogramm. Hier geht es um die Optimierung der K\u00f6rpermotorik, des Ballgef\u00fchls und der Koordination. Das ganze wird mit vielen \u00dcbungen, Spielen und Aufgaben spielerisch den Kleinsten im Alter von 6 \u2013 12 Jahren beigebracht. Auch Teamgeist zu erfahren, den Umgang&#8230;<\/p>\n","protected":false},"author":1,"featured_media":0,"parent":670,"menu_order":0,"comment_status":"closed","ping_status":"closed","template":"page-with-sidebar.php","meta":{"_bbp_topic_count":0,"_bbp_reply_count":0,"_bbp_total_topic_count":0,"_bbp_total_reply_count":0,"_bbp_voice_count":0,"_bbp_anonymous_reply_count":0,"_bbp_topic_count_hidden":0,"_bbp_reply_count_hidden":0,"_bbp_forum_subforum_count":0,"_crdt_document":"","footnotes":""},"class_list":["post-1924","page","type-page","status-publish","hentry"],"_links":{"self":[{"href":"https:\/\/tgo-volleyball.de\/WP\/wp-json\/wp\/v2\/pages\/1924","targetHints":{"allow":["GET"]}}],"collection":[{"href":"https:\/\/tgo-volleyball.de\/WP\/wp-json\/wp\/v2\/pages"}],"about":[{"href":"https:\/\/tgo-volleyball.de\/WP\/wp-json\/wp\/v2\/types\/page"}],"author":[{"embeddable":true,"href":"https:\/\/tgo-volleyball.de\/WP\/wp-json\/wp\/v2\/users\/1"}],"replies":[{"embeddable":true,"href":"https:\/\/tgo-volleyball.de\/WP\/wp-json\/wp\/v2\/comments?post=1924"}],"version-history":[{"count":13,"href":"https:\/\/tgo-volleyball.de\/WP\/wp-json\/wp\/v2\/pages\/1924\/revisions"}],"predecessor-version":[{"id":2393,"href":"https:\/\/tgo-volleyball.de\/WP\/wp-json\/wp\/v2\/pages\/1924\/revisions\/2393"}],"up":[{"embeddable":true,"href":"https:\/\/tgo-volleyball.de\/WP\/wp-json\/wp\/v2\/pages\/670"}],"wp:attachment":[{"href":"https:\/\/tgo-volleyball.de\/WP\/wp-json\/wp\/v2\/media?parent=1924"}],"curies":[{"name":"wp","href":"https:\/\/api.w.org\/{rel}","templated":true}]}}