{"id":2016,"date":"2023-06-25T10:00:02","date_gmt":"2023-06-25T08:00:02","guid":{"rendered":"https:\/\/tgo-volleyball.de\/WP\/?page_id=2016"},"modified":"2023-06-25T10:05:09","modified_gmt":"2023-06-25T08:05:09","slug":"1-offenauer-beachvolleyball-cup","status":"publish","type":"page","link":"https:\/\/tgo-volleyball.de\/WP\/1-offenauer-beachvolleyball-cup\/","title":{"rendered":"1. OFFENAUER BEACHVOLLEYBALL CUP"},"content":{"rendered":"<div class=\"wpb-content-wrapper\"><p>[vc_row][vc_column][vc_column_text]<img loading=\"lazy\" decoding=\"async\" class=\"alignnone size-full wp-image-2017\" src=\"https:\/\/tgo-volleyball.de\/WP\/wp-content\/uploads\/2023\/06\/Anschreiben-BeachTurnier.gif\" alt=\"\" width=\"700\" height=\"1002\" \/>[\/vc_column_text][\/vc_column][\/vc_row][vc_row][vc_column][vc_column_text]<\/p>\n<h2><a href=\"https:\/\/tgo-volleyball.de\/WP\/wp-content\/uploads\/2023\/06\/Anschreiben-BeachTurnier.pdf\">PDF: Anschreiben-BeachTurnier<\/a><\/h2>\n<p>[\/vc_column_text][\/vc_column][\/vc_row][vc_row][vc_column][vc_column_text]<\/p>\n<h2>Wegbeschreibung zur BSA<\/h2>\n<div class=\"wpb_text_column wpb_content_element \">\n<div class=\"wpb_wrapper\">\n<h3>Beachsport-Anlage<\/h3>\n<\/div>\n<\/div>\n<div class=\"wpb_text_column wpb_content_element \">\n<div class=\"wpb_wrapper\">\n<p><a href=\"https:\/\/tgoffenau.eu\/wp-content\/uploads\/2020\/05\/FeldUebersicht2.jpg\" data-slb-active=\"1\" data-slb-asset=\"1134617472\" data-slb-internal=\"0\" data-slb-group=\"58\"><img loading=\"lazy\" decoding=\"async\" class=\"size-medium wp-image-2843 alignleft\" src=\"https:\/\/tgoffenau.eu\/wp-content\/uploads\/2020\/05\/FeldUebersicht2-450x255.jpg\" sizes=\"auto, (max-width: 300px) 100vw, 300px\" srcset=\"https:\/\/tgoffenau.eu\/wp-content\/uploads\/2020\/05\/FeldUebersicht2-450x255.jpg 450w, https:\/\/tgoffenau.eu\/wp-content\/uploads\/2020\/05\/FeldUebersicht2-700x396.jpg 700w, https:\/\/tgoffenau.eu\/wp-content\/uploads\/2020\/05\/FeldUebersicht2-768x435.jpg 768w, https:\/\/tgoffenau.eu\/wp-content\/uploads\/2020\/05\/FeldUebersicht2-250x142.jpg 250w, https:\/\/tgoffenau.eu\/wp-content\/uploads\/2020\/05\/FeldUebersicht2-512x290.jpg 512w, https:\/\/tgoffenau.eu\/wp-content\/uploads\/2020\/05\/FeldUebersicht2.jpg 1000w\" alt=\"\" width=\"300\" height=\"170\" \/><\/a>M\u00fchlweg 9 \u2013 11<br \/>\n74254 Offenau<\/p>\n<h2>Wegbeschreibung<\/h2>\n<p>Von Heilbronn kommend nach dem Ortsschild Offenau an beiden Tankstellen vorbeifahren.<\/p>\n<p>An der kommenden Ampel nach rechts in die Holzstra\u00dfe abbiegen, nach ca. 100 mtr. in die Bahnhofstra\u00dfe nach rechts fahren. Danach die Bahngleise \u00fcberqueren und gerade aus ca. 200 mtr. fahren.\u00a0 Die Beachsport-Anlage befindet sich nach dem Fussballfeld, im Anschluss an die Tennishalle auf der rechten Seite.<\/p>\n<\/div>\n<\/div>\n<p>[\/vc_column_text][\/vc_column][\/vc_row]<\/p>\n<\/div>","protected":false},"excerpt":{"rendered":"<p>[vc_row][vc_column][vc_column_text][\/vc_column_text][\/vc_column][\/vc_row][vc_row][vc_column][vc_column_text] PDF: Anschreiben-BeachTurnier [\/vc_column_text][\/vc_column][\/vc_row][vc_row][vc_column][vc_column_text] Wegbeschreibung zur BSA Beachsport-Anlage M\u00fchlweg 9 \u2013 11 74254 Offenau Wegbeschreibung Von Heilbronn kommend nach dem Ortsschild Offenau an beiden Tankstellen vorbeifahren. An der kommenden Ampel nach rechts in die Holzstra\u00dfe abbiegen, nach ca. 100 mtr. in die Bahnhofstra\u00dfe nach rechts fahren. Danach die Bahngleise \u00fcberqueren und gerade aus ca. 200&#8230;<\/p>\n","protected":false},"author":1,"featured_media":0,"parent":0,"menu_order":0,"comment_status":"closed","ping_status":"closed","template":"","meta":{"_bbp_topic_count":0,"_bbp_reply_count":0,"_bbp_total_topic_count":0,"_bbp_total_reply_count":0,"_bbp_voice_count":0,"_bbp_anonymous_reply_count":0,"_bbp_topic_count_hidden":0,"_bbp_reply_count_hidden":0,"_bbp_forum_subforum_count":0,"_crdt_document":"","footnotes":""},"class_list":["post-2016","page","type-page","status-publish","hentry"],"_links":{"self":[{"href":"https:\/\/tgo-volleyball.de\/WP\/wp-json\/wp\/v2\/pages\/2016","targetHints":{"allow":["GET"]}}],"collection":[{"href":"https:\/\/tgo-volleyball.de\/WP\/wp-json\/wp\/v2\/pages"}],"about":[{"href":"https:\/\/tgo-volleyball.de\/WP\/wp-json\/wp\/v2\/types\/page"}],"author":[{"embeddable":true,"href":"https:\/\/tgo-volleyball.de\/WP\/wp-json\/wp\/v2\/users\/1"}],"replies":[{"embeddable":true,"href":"https:\/\/tgo-volleyball.de\/WP\/wp-json\/wp\/v2\/comments?post=2016"}],"version-history":[{"count":4,"href":"https:\/\/tgo-volleyball.de\/WP\/wp-json\/wp\/v2\/pages\/2016\/revisions"}],"predecessor-version":[{"id":2023,"href":"https:\/\/tgo-volleyball.de\/WP\/wp-json\/wp\/v2\/pages\/2016\/revisions\/2023"}],"wp:attachment":[{"href":"https:\/\/tgo-volleyball.de\/WP\/wp-json\/wp\/v2\/media?parent=2016"}],"curies":[{"name":"wp","href":"https:\/\/api.w.org\/{rel}","templated":true}]}}