{"id":673,"date":"2019-10-14T11:17:22","date_gmt":"2019-10-14T09:17:22","guid":{"rendered":"https:\/\/tgo-volleyball.de\/WP\/?page_id=673"},"modified":"2023-03-16T10:17:30","modified_gmt":"2023-03-16T09:17:30","slug":"kids4","status":"publish","type":"page","link":"https:\/\/tgo-volleyball.de\/WP\/mannschaften\/kids4\/","title":{"rendered":"Kids"},"content":{"rendered":"<div class=\"wpb-content-wrapper\"><div id=\"pl-673\"  class=\"panel-layout\" ><div id=\"pg-673-0\"  class=\"panel-grid panel-no-style\" ><div id=\"pgc-673-0-0\"  class=\"panel-grid-cell\" ><div id=\"panel-673-0-0-0\" class=\"so-panel widget widget_sow-editor panel-first-child panel-last-child\" data-index=\"0\" ><div\n\t\t\t\n\t\t\tclass=\"so-widget-sow-editor so-widget-sow-editor-base\"\n\t\t\t\n\t\t>\n<div class=\"siteorigin-widget-tinymce textwidget\">\n\t<p>[vc_row][vc_column][vc_column_text]Bereits f\u00fcr Kinder im Grundschulalter hat die Abteilung Volleyball ein speziell auf diese Alterklasse abgestimmtes Trainingsprogramm. Hier geht es um die Optimierung der K\u00f6rpermotorik, des Ballgef\u00fchls und der Koordination. Das ganze wird mit vielen \u00dcbungen, Spielen und Aufgaben spielerisch den Kleinsten im Alter von 6 \u2013 12 Jahren beigebracht.<\/p>\n<p>Auch Teamgeist zu erfahren, den Umgang mit Siegen und Niederlagen zu lernen, R\u00fccksicht auf andere Kinder zu nehmen geh\u00f6rt ins w\u00f6chentliche Training genauso wie viel Spa\u00df, Action und Bewegung.[\/vc_column_text][vc_empty_space height=\"15px\"][\/vc_column][\/vc_row][vc_row][vc_column][vc_column_text]<\/p>\n<h2>Hier die Trainingszeiten:<\/h2>\n<p>[\/vc_column_text][vc_empty_space height=\"15px\"][\/vc_column][\/vc_row][vc_row][vc_column][vc_column_text]Freitags, 18.30 Uhr \u2013 20.00 Uhr<\/p>\n<p>Jugendtrainerinnen sind<br \/>Lotta Kowol, email: &#x6c;&#x6f;&#x74;&#x74;&#x61;&#x2e;&#x6b;&#x6f;&#119;&#111;&#108;&#64;&#116;&#103;&#111;-vol&#x6c;&#x65;&#x79;&#x62;&#x61;&#x6c;&#x6c;&#x2e;&#x64;&#101; und<br \/>Julia Lauerer, email: &#x6a;&#x75;&#x6c;&#105;&#97;&#46;l&#x61;&#x75;&#x65;&#x72;&#101;&#114;&#64;t&#x67;&#x6f;&#x2d;&#118;&#111;&#108;le&#x79;&#x62;&#x61;&#108;&#108;&#46;d&#x65;.<\/p>\n<p>Unterst\u00fctzt werden sie von Jugendleiter Marco Geiger und J\u00fcrgen Kowol[\/vc_column_text][\/vc_column][\/vc_row][vc_row][vc_column][vc_empty_space height=\"15px\"][vc_empty_space height=\"15px\"][\/vc_column][\/vc_row][vc_row][vc_column][vc_column_text]<\/p>\n<h2>KONTAKTPERSONEN<\/h2>\n<p>[\/vc_column_text][\/vc_column][\/vc_row][vc_row][vc_column][vc_column_text]J\u00fcrgen Kowol, Telefon 07136\/5286, email: &#x6a;&#x75;&#101;&#114;ge&#x6e;&#x2e;&#x6b;&#111;wo&#x6c;&#x40;&#x74;&#103;&#111;-&#x76;&#x6f;&#x6c;&#108;&#101;y&#x62;&#x61;&#x6c;&#108;&#46;de<\/p>\n<p>Marco Geiger, Telefon 07136\/8303912, email: &#109;a&#x72;c&#x6f;&#46;&#x67;e&#x69;g&#x65;r&#x40;&#116;&#x67;&#111;&#x2d;&#118;&#x6f;&#108;&#x6c;&#101;&#x79;&#98;&#x61;&#108;l&#x2e;d&#x65;[\/vc_column_text][\/vc_column][\/vc_row]<\/p>\n<\/div>\n<\/div><\/div><\/div><\/div><\/div><\/div>","protected":false},"excerpt":{"rendered":"<p>[vc_row][vc_column][vc_column_text]Bereits f\u00fcr Kinder im Grundschulalter hat die Abteilung Volleyball ein speziell auf diese Alterklasse abgestimmtes Trainingsprogramm. Hier geht es um die Optimierung der K\u00f6rpermotorik, des Ballgef\u00fchls und der Koordination. Das ganze wird mit vielen \u00dcbungen, Spielen und Aufgaben spielerisch den Kleinsten im Alter von 6 \u2013 12 Jahren beigebracht.Auch Teamgeist zu erfahren, den Umgang mit&#8230;<\/p>\n","protected":false},"author":1,"featured_media":0,"parent":670,"menu_order":0,"comment_status":"closed","ping_status":"closed","template":"page-with-sidebar.php","meta":{"_bbp_topic_count":0,"_bbp_reply_count":0,"_bbp_total_topic_count":0,"_bbp_total_reply_count":0,"_bbp_voice_count":0,"_bbp_anonymous_reply_count":0,"_bbp_topic_count_hidden":0,"_bbp_reply_count_hidden":0,"_bbp_forum_subforum_count":0,"_crdt_document":"","footnotes":""},"class_list":["post-673","page","type-page","status-publish","hentry"],"_links":{"self":[{"href":"https:\/\/tgo-volleyball.de\/WP\/wp-json\/wp\/v2\/pages\/673","targetHints":{"allow":["GET"]}}],"collection":[{"href":"https:\/\/tgo-volleyball.de\/WP\/wp-json\/wp\/v2\/pages"}],"about":[{"href":"https:\/\/tgo-volleyball.de\/WP\/wp-json\/wp\/v2\/types\/page"}],"author":[{"embeddable":true,"href":"https:\/\/tgo-volleyball.de\/WP\/wp-json\/wp\/v2\/users\/1"}],"replies":[{"embeddable":true,"href":"https:\/\/tgo-volleyball.de\/WP\/wp-json\/wp\/v2\/comments?post=673"}],"version-history":[{"count":22,"href":"https:\/\/tgo-volleyball.de\/WP\/wp-json\/wp\/v2\/pages\/673\/revisions"}],"predecessor-version":[{"id":1937,"href":"https:\/\/tgo-volleyball.de\/WP\/wp-json\/wp\/v2\/pages\/673\/revisions\/1937"}],"up":[{"embeddable":true,"href":"https:\/\/tgo-volleyball.de\/WP\/wp-json\/wp\/v2\/pages\/670"}],"wp:attachment":[{"href":"https:\/\/tgo-volleyball.de\/WP\/wp-json\/wp\/v2\/media?parent=673"}],"curies":[{"name":"wp","href":"https:\/\/api.w.org\/{rel}","templated":true}]}}