{"id":705,"date":"2019-10-14T12:36:44","date_gmt":"2019-10-14T10:36:44","guid":{"rendered":"https:\/\/tgo-volleyball.de\/WP\/?page_id=705"},"modified":"2019-10-14T21:09:53","modified_gmt":"2019-10-14T19:09:53","slug":"volleyball-helfer-team","status":"publish","type":"page","link":"https:\/\/tgo-volleyball.de\/WP\/mannschaften\/volleyball-helfer-team\/","title":{"rendered":"Volleyball-Helfer-Team"},"content":{"rendered":"<div class=\"wpb-content-wrapper\"><p>[vc_row][vc_column][vc_column_text]Das Volleyball-Helfer-Team ist das \u201eTeam f\u00fcrs Team\u201c. Du hast keine Lust auf Sport, bist unsportlich, willst aber trotzdem die Volleyballer unterst\u00fctzen und die Gemeinschaft bereichern und erleben ? Dann bist Du genau hier richtig. Ob Kuchen backen, Veranstaltungen organisieren, W\u00fcrstchen grillen, Bier zapfen, Aufbauen, Turnierleitung unterst\u00fctzen, Kaffee und Kuchen verkaufen, Tzatziki herstellen Cocktails mixen, Getr\u00e4nke verkaufen, h\u00e4mmern, s\u00e4gen, schrauben, schweissen, Preislisten gestalten und erstellen, Dekorieren, eigene Ideen einbringen usw. usw. \u2013 hier wird jede Hand, jedes noch so kleine Talent gebraucht. Eines garantieren wir Dir: Viel Spa\u00df und ein bestens organisiertes Vorgehen![\/vc_column_text][vc_empty_space height=&#8220;15px&#8220;][\/vc_column][\/vc_row][vc_row][vc_column][vc_column_text]<\/p>\n<h2>Volleyball-Helfer-Team<\/h2>\n<p>[\/vc_column_text][\/vc_column][\/vc_row][vc_row][vc_column][vc_column_text]<img loading=\"lazy\" decoding=\"async\" class=\"alignnone wp-image-708 size-full\" src=\"https:\/\/tgo-volleyball.de\/WP\/wp-content\/uploads\/2019\/10\/PlakatHelferteam1.png\" alt=\"\" width=\"700\" height=\"990\" srcset=\"https:\/\/tgo-volleyball.de\/WP\/wp-content\/uploads\/2019\/10\/PlakatHelferteam1.png 700w, https:\/\/tgo-volleyball.de\/WP\/wp-content\/uploads\/2019\/10\/PlakatHelferteam1-212x300.png 212w\" sizes=\"auto, (max-width: 700px) 100vw, 700px\" \/>[\/vc_column_text][vc_empty_space height=&#8220;15px&#8220;][\/vc_column][\/vc_row][vc_row][vc_column][vc_column_text]<\/p>\n<h2>Kontaktpersonen<\/h2>\n<p>[\/vc_column_text][\/vc_column][\/vc_row][vc_row][vc_column][vc_column_text]Heike Lauerer, Petra Czernuska-Kowol und Sanseree Milson<\/p>\n<p><strong>email:<\/strong>\u00a0v&#x6f;&#x6c;&#108;e&#x79;&#x62;&#97;l&#x6c;&#x2d;&#104;e&#x6c;&#x66;&#101;r&#x2d;&#116;&#101;a&#x6d;&#64;t&#x67;&#x6f;&#45;v&#x6f;&#x6c;&#108;e&#x79;&#x62;&#97;l&#x6c;&#x2e;&#100;e<br \/>\n<strong>Telefon:<\/strong>\u00a007136\/5286[\/vc_column_text][vc_empty_space height=&#8220;15px&#8220;][\/vc_column][\/vc_row][vc_row][vc_column][vc_empty_space height=&#8220;15px&#8220;][\/vc_column][\/vc_row]<\/p>\n<\/div>","protected":false},"excerpt":{"rendered":"<p>[vc_row][vc_column][vc_column_text]Das Volleyball-Helfer-Team ist das \u201eTeam f\u00fcrs Team\u201c. Du hast keine Lust auf Sport, bist unsportlich, willst aber trotzdem die Volleyballer unterst\u00fctzen und die Gemeinschaft bereichern und erleben ? Dann bist Du genau hier richtig. Ob Kuchen backen, Veranstaltungen organisieren, W\u00fcrstchen grillen, Bier zapfen, Aufbauen, Turnierleitung unterst\u00fctzen, Kaffee und Kuchen verkaufen, Tzatziki herstellen Cocktails mixen, Getr\u00e4nke&#8230;<\/p>\n","protected":false},"author":1,"featured_media":0,"parent":670,"menu_order":0,"comment_status":"closed","ping_status":"closed","template":"page-with-sidebar.php","meta":{"_crdt_document":"","footnotes":""},"class_list":["post-705","page","type-page","status-publish","hentry"],"_links":{"self":[{"href":"https:\/\/tgo-volleyball.de\/WP\/wp-json\/wp\/v2\/pages\/705","targetHints":{"allow":["GET"]}}],"collection":[{"href":"https:\/\/tgo-volleyball.de\/WP\/wp-json\/wp\/v2\/pages"}],"about":[{"href":"https:\/\/tgo-volleyball.de\/WP\/wp-json\/wp\/v2\/types\/page"}],"author":[{"embeddable":true,"href":"https:\/\/tgo-volleyball.de\/WP\/wp-json\/wp\/v2\/users\/1"}],"replies":[{"embeddable":true,"href":"https:\/\/tgo-volleyball.de\/WP\/wp-json\/wp\/v2\/comments?post=705"}],"version-history":[{"count":7,"href":"https:\/\/tgo-volleyball.de\/WP\/wp-json\/wp\/v2\/pages\/705\/revisions"}],"predecessor-version":[{"id":821,"href":"https:\/\/tgo-volleyball.de\/WP\/wp-json\/wp\/v2\/pages\/705\/revisions\/821"}],"up":[{"embeddable":true,"href":"https:\/\/tgo-volleyball.de\/WP\/wp-json\/wp\/v2\/pages\/670"}],"wp:attachment":[{"href":"https:\/\/tgo-volleyball.de\/WP\/wp-json\/wp\/v2\/media?parent=705"}],"curies":[{"name":"wp","href":"https:\/\/api.w.org\/{rel}","templated":true}]}}