{"id":719,"date":"2019-10-14T12:56:18","date_gmt":"2019-10-14T10:56:18","guid":{"rendered":"https:\/\/tgo-volleyball.de\/WP\/?page_id=719"},"modified":"2024-10-27T01:17:52","modified_gmt":"2024-10-26T23:17:52","slug":"tg-offenau-1","status":"publish","type":"page","link":"https:\/\/tgo-volleyball.de\/WP\/mannschaften\/tg-offenau-1\/","title":{"rendered":"TG Offenau 1 &#8211; B2 Nord"},"content":{"rendered":"<div class=\"wpb-content-wrapper\"><p>[vc_row][vc_column][vc_column_text]<\/p>\n<h2>Tabelle, Spieltermine und Ergebnisse der TG Offenau 1 B2 Nord<\/h2>\n<p>[\/vc_column_text][\/vc_column][\/vc_row][vc_row][vc_column][vc_column_text][\/vc_column_text][vc_column_text][\/vc_column_text][\/vc_column][\/vc_row][vc_row][vc_column][vc_empty_space height=&#8220;52px&#8220;][vc_column_text]<\/p>\n<h5>Kommende Spiele<\/h5>\n<p>[\/vc_column_text][vc_column_text][\/vc_column_text][vc_empty_space height=&#8220;72px&#8220;][\/vc_column][\/vc_row][vc_row][vc_column][vc_column_text]<\/p>\n<h2>Spielplan &amp; Ergebnisse<\/h2>\n<p>[\/vc_column_text][\/vc_column][\/vc_row][vc_row][vc_column][vc_column_text]<\/p>\n<div class=\"samsContentBoxHeader\"><\/div>\n<div class=\"samsContentBoxContent\">\n<form id=\"j_idt79\" action=\"https:\/\/www.vlw-online.de\/popup\/matchSeries\/teamDetails.xhtml\" enctype=\"application\/x-www-form-urlencoded\" method=\"post\" name=\"j_idt79\"><\/form>\n<\/div>\n<p>[\/vc_column_text][vc_column_text]<\/p>\n<div class=\"pii-liga-details\">\n<div class=\"tab-content\">\n<div id=\"spielplan1\" class=\"tab-pane active\">\n<div class=\"liga-detail\">\n<div class=\"mix-it-up\">\n<div><\/div>\n<div><\/div>\n<div class=\"table-responsive\">\u00a0 \u00a0<span style=\"color: #ffffff;\">\u00a0Die Netzh\u00f6he betr\u00e4gt 2,35 m. Antennen sind f\u00fcr alle Staffeln Pflicht.\u00a0 \u00a0 \u00a0 \u00a0 \u00a0 \u00a0 \u00a0 \u00a0 \u00a0 \u00a0 \u00a0 \u00a0\u00a0<\/span><\/div>\n<\/div>\n<\/div>\n<\/div>\n<\/div>\n<\/div>\n<p>[\/vc_column_text][vc_empty_space height=&#8220;15px&#8220;][\/vc_column][\/vc_row][vc_row][vc_column][vc_empty_space height=&#8220;15px&#8220;][\/vc_column][\/vc_row][vc_row][vc_column][vc_empty_space height=&#8220;55px&#8220;][\/vc_column][\/vc_row][vc_row][vc_column width=&#8220;2\/3&#8243;][\/vc_column][vc_column width=&#8220;1\/3&#8243;][vc_wp_custommenu title=&#8220;Untermen\u00fc Mannschaften&#8220; nav_menu=&#8220;46&#8243;][\/vc_column][\/vc_row]<\/p>\n<\/div>","protected":false},"excerpt":{"rendered":"<p>[vc_row][vc_column][vc_column_text] Tabelle, Spieltermine und Ergebnisse der TG Offenau 1 B2 Nord [\/vc_column_text][\/vc_column][\/vc_row][vc_row][vc_column][vc_column_text][\/vc_column_text][vc_column_text][\/vc_column_text][\/vc_column][\/vc_row][vc_row][vc_column][vc_empty_space height=&#8220;52px&#8220;][vc_column_text] Kommende Spiele [\/vc_column_text][vc_column_text][\/vc_column_text][vc_empty_space height=&#8220;72px&#8220;][\/vc_column][\/vc_row][vc_row][vc_column][vc_column_text] Spielplan &amp; Ergebnisse [\/vc_column_text][\/vc_column][\/vc_row][vc_row][vc_column][vc_column_text] [\/vc_column_text][vc_column_text] \u00a0 \u00a0\u00a0Die Netzh\u00f6he betr\u00e4gt 2,35 m. Antennen sind f\u00fcr alle Staffeln Pflicht.\u00a0 \u00a0 \u00a0 \u00a0 \u00a0 \u00a0 \u00a0 \u00a0 \u00a0 \u00a0 \u00a0 \u00a0\u00a0 [\/vc_column_text][vc_empty_space height=&#8220;15px&#8220;][\/vc_column][\/vc_row][vc_row][vc_column][vc_empty_space height=&#8220;15px&#8220;][\/vc_column][\/vc_row][vc_row][vc_column][vc_empty_space height=&#8220;55px&#8220;][\/vc_column][\/vc_row][vc_row][vc_column width=&#8220;2\/3&#8243;][\/vc_column][vc_column width=&#8220;1\/3&#8243;][vc_wp_custommenu title=&#8220;Untermen\u00fc Mannschaften&#8220; nav_menu=&#8220;46&#8243;][\/vc_column][\/vc_row]<\/p>\n","protected":false},"author":1,"featured_media":0,"parent":670,"menu_order":0,"comment_status":"closed","ping_status":"closed","template":"","meta":{"_bbp_topic_count":0,"_bbp_reply_count":0,"_bbp_total_topic_count":0,"_bbp_total_reply_count":0,"_bbp_voice_count":0,"_bbp_anonymous_reply_count":0,"_bbp_topic_count_hidden":0,"_bbp_reply_count_hidden":0,"_bbp_forum_subforum_count":0,"_crdt_document":"","footnotes":""},"class_list":["post-719","page","type-page","status-publish","hentry"],"_links":{"self":[{"href":"https:\/\/tgo-volleyball.de\/WP\/wp-json\/wp\/v2\/pages\/719","targetHints":{"allow":["GET"]}}],"collection":[{"href":"https:\/\/tgo-volleyball.de\/WP\/wp-json\/wp\/v2\/pages"}],"about":[{"href":"https:\/\/tgo-volleyball.de\/WP\/wp-json\/wp\/v2\/types\/page"}],"author":[{"embeddable":true,"href":"https:\/\/tgo-volleyball.de\/WP\/wp-json\/wp\/v2\/users\/1"}],"replies":[{"embeddable":true,"href":"https:\/\/tgo-volleyball.de\/WP\/wp-json\/wp\/v2\/comments?post=719"}],"version-history":[{"count":85,"href":"https:\/\/tgo-volleyball.de\/WP\/wp-json\/wp\/v2\/pages\/719\/revisions"}],"predecessor-version":[{"id":1273,"href":"https:\/\/tgo-volleyball.de\/WP\/wp-json\/wp\/v2\/pages\/719\/revisions\/1273"}],"up":[{"embeddable":true,"href":"https:\/\/tgo-volleyball.de\/WP\/wp-json\/wp\/v2\/pages\/670"}],"wp:attachment":[{"href":"https:\/\/tgo-volleyball.de\/WP\/wp-json\/wp\/v2\/media?parent=719"}],"curies":[{"name":"wp","href":"https:\/\/api.w.org\/{rel}","templated":true}]}}