{"id":797,"date":"2019-10-14T20:52:25","date_gmt":"2019-10-14T18:52:25","guid":{"rendered":"https:\/\/tgo-volleyball.de\/WP\/?page_id=797"},"modified":"2024-10-27T01:19:10","modified_gmt":"2024-10-26T23:19:10","slug":"tg-offenau-3-d5-nord","status":"publish","type":"page","link":"https:\/\/tgo-volleyball.de\/WP\/mannschaften\/tg-offenau-3-d5-nord\/","title":{"rendered":"TG Offenau 3 &#8211; D4 Nord"},"content":{"rendered":"<div class=\"wpb-content-wrapper\"><p>[vc_row][vc_column][vc_column_text]<\/p>\n<h2>Tabelle, Spieltermine und Ergebnisse der TG Offenau 3\u00a0 D4 Nord<\/h2>\n<p>[\/vc_column_text][\/vc_column][\/vc_row][vc_row][vc_column][vc_column_text][\/vc_column_text][\/vc_column][\/vc_row][vc_row][vc_column][vc_empty_space height=&#8220;52px&#8220;][\/vc_column][\/vc_row][vc_row][vc_column][vc_column_text]<\/p>\n<h5>Kommende Spiele<\/h5>\n<p>[\/vc_column_text][vc_column_text][\/vc_column_text][\/vc_column][\/vc_row][vc_row][vc_column][vc_empty_space height=&#8220;52px&#8220;][\/vc_column][\/vc_row][vc_row][vc_column][vc_column_text]<\/p>\n<h2>Spielplan &amp; Ergebnisse<\/h2>\n<p>[\/vc_column_text][\/vc_column][\/vc_row][vc_row][vc_column][vc_column_text][\/vc_column_text][vc_column_text]<\/p>\n<div class=\"pii-liga-details\">\n<div class=\"tab-content\">\n<div class=\"table-responsive\"><\/div>\n<\/div>\n<\/div>\n<div class=\"row\">\n<div class=\"col-md-12 col-lg-12\">\n<div class=\"pii-liga-details\">\n<div class=\"tab-content\">\n<div id=\"spielplan1\" class=\"tab-pane active\" role=\"tabpanel\">\n<div class=\"liga-detail\">\n<div class=\"mix-it-up\">\n<div class=\"table-responsive\"><\/div>\n<\/div>\n<\/div>\n<\/div>\n<\/div>\n<\/div>\n<\/div>\n<\/div>\n<div class=\"col-md-12 col-lg-12\"><\/div>\n<div><span style=\"color: #ffffff;\">\u00a0<\/span><span style=\"color: #ffffff;\">3.9 Die Netzh\u00f6he betr\u00e4gt 2,35 m. Antennen sind f\u00fcr alle Staffeln Pflicht.\u00a0 \u00a0 \u00a0 \u00a0 \u00a0 \u00a0 \u00a0 \u00a0 \u00a0 \u00a0 \u00a0 \u00a0\u00a0<\/span><\/div>\n<p>[\/vc_column_text][vc_empty_space height=&#8220;15px&#8220;][\/vc_column][\/vc_row][vc_row][vc_column][vc_empty_space height=&#8220;55px&#8220;][\/vc_column][\/vc_row][vc_row][vc_column][vc_empty_space height=&#8220;15px&#8220;][\/vc_column][\/vc_row][vc_row][vc_column width=&#8220;1\/3&#8243;][\/vc_column][vc_column width=&#8220;1\/3&#8243;][\/vc_column][vc_column width=&#8220;1\/3&#8243;][vc_wp_custommenu nav_menu=&#8220;46&#8243; title=&#8220;Untermen\u00fc Mannschaften&#8220;][\/vc_column][\/vc_row]<\/p>\n<\/div>","protected":false},"excerpt":{"rendered":"<p>[vc_row][vc_column][vc_column_text] Tabelle, Spieltermine und Ergebnisse der TG Offenau 3\u00a0 D4 Nord [\/vc_column_text][\/vc_column][\/vc_row][vc_row][vc_column][vc_column_text][\/vc_column_text][\/vc_column][\/vc_row][vc_row][vc_column][vc_empty_space height=&#8220;52px&#8220;][\/vc_column][\/vc_row][vc_row][vc_column][vc_column_text] Kommende Spiele [\/vc_column_text][vc_column_text][\/vc_column_text][\/vc_column][\/vc_row][vc_row][vc_column][vc_empty_space height=&#8220;52px&#8220;][\/vc_column][\/vc_row][vc_row][vc_column][vc_column_text] Spielplan &amp; Ergebnisse [\/vc_column_text][\/vc_column][\/vc_row][vc_row][vc_column][vc_column_text][\/vc_column_text][vc_column_text] \u00a03.9 Die Netzh\u00f6he betr\u00e4gt 2,35 m. Antennen sind f\u00fcr alle Staffeln Pflicht.\u00a0 \u00a0 \u00a0 \u00a0 \u00a0 \u00a0 \u00a0 \u00a0 \u00a0 \u00a0 \u00a0 \u00a0\u00a0 [\/vc_column_text][vc_empty_space height=&#8220;15px&#8220;][\/vc_column][\/vc_row][vc_row][vc_column][vc_empty_space height=&#8220;55px&#8220;][\/vc_column][\/vc_row][vc_row][vc_column][vc_empty_space height=&#8220;15px&#8220;][\/vc_column][\/vc_row][vc_row][vc_column width=&#8220;1\/3&#8243;][\/vc_column][vc_column width=&#8220;1\/3&#8243;][\/vc_column][vc_column width=&#8220;1\/3&#8243;][vc_wp_custommenu nav_menu=&#8220;46&#8243; title=&#8220;Untermen\u00fc Mannschaften&#8220;][\/vc_column][\/vc_row]<\/p>\n","protected":false},"author":1,"featured_media":0,"parent":670,"menu_order":0,"comment_status":"closed","ping_status":"closed","template":"","meta":{"_crdt_document":"","footnotes":""},"class_list":["post-797","page","type-page","status-publish","hentry"],"_links":{"self":[{"href":"https:\/\/tgo-volleyball.de\/WP\/wp-json\/wp\/v2\/pages\/797","targetHints":{"allow":["GET"]}}],"collection":[{"href":"https:\/\/tgo-volleyball.de\/WP\/wp-json\/wp\/v2\/pages"}],"about":[{"href":"https:\/\/tgo-volleyball.de\/WP\/wp-json\/wp\/v2\/types\/page"}],"author":[{"embeddable":true,"href":"https:\/\/tgo-volleyball.de\/WP\/wp-json\/wp\/v2\/users\/1"}],"replies":[{"embeddable":true,"href":"https:\/\/tgo-volleyball.de\/WP\/wp-json\/wp\/v2\/comments?post=797"}],"version-history":[{"count":44,"href":"https:\/\/tgo-volleyball.de\/WP\/wp-json\/wp\/v2\/pages\/797\/revisions"}],"predecessor-version":[{"id":2101,"href":"https:\/\/tgo-volleyball.de\/WP\/wp-json\/wp\/v2\/pages\/797\/revisions\/2101"}],"up":[{"embeddable":true,"href":"https:\/\/tgo-volleyball.de\/WP\/wp-json\/wp\/v2\/pages\/670"}],"wp:attachment":[{"href":"https:\/\/tgo-volleyball.de\/WP\/wp-json\/wp\/v2\/media?parent=797"}],"curies":[{"name":"wp","href":"https:\/\/api.w.org\/{rel}","templated":true}]}}